{"id":213,"date":"2020-04-12T12:58:14","date_gmt":"2020-04-12T12:58:14","guid":{"rendered":"https:\/\/gridvalley.net\/wp\/industroz\/dummy\/?page_id=213"},"modified":"2024-05-13T16:47:21","modified_gmt":"2024-05-13T16:47:21","slug":"kurumsal","status":"publish","type":"page","link":"https:\/\/ozceylaninsaat.com.tr\/index.php\/kurumsal\/","title":{"rendered":"Kurumsal"},"content":{"rendered":"\t\t<div data-elementor-type=\"wp-page\" data-elementor-id=\"213\" class=\"elementor elementor-213\">\n\t\t\t\t\t\t<section class=\"elementor-section elementor-top-section elementor-element elementor-element-62aa013 elementor-section-boxed elementor-section-height-default elementor-section-height-default\" data-id=\"62aa013\" data-element_type=\"section\">\n\t\t\t\t\t\t<div class=\"elementor-container elementor-column-gap-default\">\n\t\t\t\t\t<div class=\"elementor-column elementor-col-100 elementor-top-column elementor-element elementor-element-48332c3\" data-id=\"48332c3\" data-element_type=\"column\">\n\t\t\t<div class=\"elementor-widget-wrap elementor-element-populated\">\n\t\t\t\t\t\t<div class=\"elementor-element elementor-element-56b468f elementor-widget elementor-widget-welcome-section\" data-id=\"56b468f\" data-element_type=\"widget\" data-widget_type=\"welcome-section.default\">\n\t\t\t\t<div class=\"elementor-widget-container\">\n\t\t\t\t\t\t\t\t<div class=\"row\">\n\t\t\t\t<div class=\"col-lg-6 col-md-12 m-b30\">\n\t\t\t\t\t<div class=\"welcom-to-section\">\n\t\t\t\t\t\t<!-- TITLE START-->\n\t\t\t\t\t\t\t\t\t\t\t\t\t<div class=\"left wt-small-separator-outer\">\n\t\t\t\t\t\t\t\t<div class=\"wt-small-separator site-text-primary\">\n\t\t\t\t\t\t\t\t\t<div  class=\"sep-leaf-left\"><\/div>\n\t\t\t\t\t\t\t\t\t<div>\u00d6zceylan \u0130n\u015faat<\/div>\n\t\t\t\t\t\t\t\t\t<div  class=\"sep-leaf-right\"><\/div>\n\t\t\t\t\t\t\t\t<\/div>\n\t\t\t\t\t\t\t<\/div>\t\n\t\t\t\t\t\t\t\t\t\t\t\t\t\n\t\t\t\t\t\t\t\t\t\t\t\t\t<h2>Firma <span>Profili<\/h2>\n\t\t\t\t\t\t\t\t\n\t\t\t\t\t\t\t\t\t\t\t\t\t\t\t\t\t\t\t\t\u00d6zceylan \u0130n\u015faat, kuruldu\u011fu 2005 y\u0131l\u0131ndan bug\u00fcne, in\u015fa etti\u011fi y\u00fcksek standartlardaki yap\u0131lar ile in\u015faat sekt\u00f6r\u00fcnde ad\u0131ndan s\u00f6z ettiren bir firma haline gelmi\u015ftir. \u0130n\u015faat sekt\u00f6r\u00fcne Adana i\u00e7erisindeki faaliyetleriyle ad\u0131m atan \u00d6zceylan \u0130n\u015faat, s\u00fcrekli de\u011fi\u015fim ve geli\u015fim g\u00f6stererek g\u00fcn\u00fcm\u00fczde \u00d6zceylan-1 ile Bah\u00e7e\u015fehir mahallesinde ba\u015flad\u0131\u011f\u0131 projelerine; G\u00fcrselpa\u015fa mahallesindeki \u00d6zceylan Garden City projesi ile s\u00fcrd\u00fcrmektedir. \u00d6zceylan \u0130n\u015faat, bununla da s\u0131n\u0131rl\u0131 kalmay\u0131p Adana\u2019da geli\u015fmekte olan yeni b\u00f6lgelerinde kalitesini art\u0131rmak isteyenlerin nitelikli konut ihtiyac\u0131n\u0131n kar\u015f\u0131lanmas\u0131na y\u00f6nelik \u00e7al\u0131\u015fmalar\u0131n\u0131 da aral\u0131ks\u0131z olarak s\u00fcrd\u00fcrmektedir. Ger\u00e7ekle\u015ftirdi\u011fi prestijli konut projeleri ile Adana'n\u0131n yenilenen mimarisine art\u0131 de\u011ferler katan \u00d6zceylan \u0130n\u015faat, sundu\u011fu in\u015faat kalitesiyle yat\u0131r\u0131mlar\u0131n\u0131 konutta de\u011ferlendirmek isteyenlere en do\u011fru se\u00e7imleri sunmaktad\u0131r. Ayr\u0131ca konut projelerinin yan\u0131nda ticari projelere de imza atan \u00d6zceylan \u0130n\u015faat, yat\u0131r\u0131mlar\u0131n\u0131 ticari alanda de\u011ferlendirmek isteyenlerin de ilk tercih etti\u011fi firmalar aras\u0131nda yer almaktad\u0131r.Vizyonumuz Farkl\u0131y\u0131z demeden fark yaratan, de\u011fere de\u011fer katan, faydan\u0131n maksimum, ticari kayg\u0131n\u0131n minimumda oldu\u011fu ve se\u00e7mesini bilenlerin tercih edece\u011fi yap\u0131lar in\u015fa eden bir marka olmakt\u0131r.\u0130lkemiz yenilik\u00e7i ve \u00e7a\u011fda\u015f mimari yakla\u015f\u0131m\u0131m\u0131zla, yaln\u0131z bug\u00fcn i\u00e7in de\u011fil; y\u0131llar sonra da g\u00fcven ve konforu ya\u015fatabilecek modern, sa\u011flam ve kaliteli ya\u015fam alanlar\u0131 \u00fcretmektir.\t\t\t\t\t\t\t\t\t\t\t\t\t\n\t\t\t\t\t\t\t\t\t\t\t\t  \n\t\t\t\t\t<\/div>\n\t\t\t\t<\/div>\n\t\t\t\t<div class=\"col-lg-6 col-md-12 m-b30\">\n\t\t\t\t\t<div class=\"img-colarge2\">\n\t\t\t\t\t\t<div class=\"colarge-2 slide-right\">\n\t\t\t\t\t\t\t<img decoding=\"async\" src=\"https:\/\/ozceylaninsaat.com.tr\/wp-content\/uploads\/2024\/05\/s1dd.jpg\" alt=\"img\">\n\t\t\t\t\t\t<\/div>\n\t\t\t\t\t\t<div class=\"colarge-2-1\">\n\t\t\t\t\t\t\t<img decoding=\"async\" src=\"https:\/\/ozceylaninsaat.com.tr\/wp-content\/uploads\/2024\/05\/oz11.jpg\" alt=\"img\">\n\t\t\t\t\t\t<\/div>\n\t\t\t\t\t\t<div class=\"since-year-outer2\">\n\t\t\t\t\t\t\t<div class=\"since-year2\">\n\t\t\t\t\t\t\t\t\t\t\t\t\t\t\t\t\t<span>Since<\/span>\n\t\t\t\t\t\t\t\t\t\t\t\t\t\t\t\t\t\n\t\t\t\t\t\t\t\t\t\t\t\t\t\t\t\t\t<strong>2005<\/strong>\n\t\t\t\t\t\t\t\t\t\t\t\t\t\t\t\t\t\n\t\t\t\t\t\t\t<\/div>\n\t\t\t\t\t\t<\/div>\n\t\t\t\t\t\t\n\t\t\t\t\t<\/div>\n\t\t\t\t<\/div>\n\t\t\t<\/div>\n\t\t\t\t\t\t\t<\/div>\n\t\t\t\t<\/div>\n\t\t\t\t\t<\/div>\n\t\t<\/div>\n\t\t\t\t\t<\/div>\n\t\t<\/section>\n\t\t\t\t<section class=\"elementor-section elementor-top-section elementor-element elementor-element-846e412 elementor-section-boxed elementor-section-height-default elementor-section-height-default\" data-id=\"846e412\" data-element_type=\"section\" data-settings=\"{&quot;background_background&quot;:&quot;classic&quot;}\">\n\t\t\t\t\t\t<div class=\"elementor-container elementor-column-gap-default\">\n\t\t\t\t\t<div class=\"elementor-column elementor-col-100 elementor-top-column elementor-element elementor-element-c30347d\" data-id=\"c30347d\" data-element_type=\"column\">\n\t\t\t<div class=\"elementor-widget-wrap elementor-element-populated\">\n\t\t\t\t\t\t<div class=\"elementor-element elementor-element-228330c elementor-widget elementor-widget-services-section\" data-id=\"228330c\" data-element_type=\"widget\" data-widget_type=\"services-section.default\">\n\t\t\t\t<div class=\"elementor-widget-container\">\n\t\t\t\t\t\t\t\t<div class=\"section-full small-device p-b40 top-half-section-outer\">\n\t\t\t\t<!-- IMAGE CAROUSEL START -->\n\t\t\t\t<div class=\"section-content clearfix\">\n\t\t\t\t\t\t\t\t\t\t\t<div class=\"section-head center wt-small-separator-outer text-center\">\n\t\t\t\t\t\t\t<div class=\"wt-small-separator site-text-primary\">\n\t\t\t\t\t\t\t\t<div class=\"sep-leaf-left\"><\/div>\n\t\t\t\t\t\t\t\t<div>Sa\u011flam Ad\u0131mlarla Y\u00fcr\u00fcyerek<\/div>\n\t\t\t\t\t\t\t\t<div class=\"sep-leaf-right\"><\/div>\n\t\t\t\t\t\t\t<\/div>\n\t\t\t\t\t\t\t<h2>Daha Uzun Y\u0131llar Sizlerle Birlikte...<\/h2>\n\t\t\t\t\t\t<\/div>\t\n\t\t\t\t\t\t\t\t\t\t\t\n\t\t\t\t\t<div class=\"row d-flex justify-content-center\">\n\t\t\t\t\t\t\t\t\t\t\t<\/div>\n\t\t\t\t<\/div>\n\t\t\t<\/div>\n\t\t\t\t\t\t\t<\/div>\n\t\t\t\t<\/div>\n\t\t\t\t\t<\/div>\n\t\t<\/div>\n\t\t\t\t\t<\/div>\n\t\t<\/section>\n\t\t\t\t<\/div>\n\t\t","protected":false},"excerpt":{"rendered":"<p>\u00d6zceylan \u0130n\u015faat Firma Profili \u00d6zceylan \u0130n\u015faat, kuruldu\u011fu 2005 y\u0131l\u0131ndan bug\u00fcne, in\u015fa etti\u011fi y\u00fcksek standartlardaki yap\u0131lar ile in\u015faat sekt\u00f6r\u00fcnde ad\u0131ndan s\u00f6z ettiren bir firma haline gelmi\u015ftir. \u0130n\u015faat sekt\u00f6r\u00fcne Adana i\u00e7erisindeki faaliyetleriyle ad\u0131m atan \u00d6zceylan \u0130n\u015faat, s\u00fcrekli de\u011fi\u015fim ve geli\u015fim g\u00f6stererek g\u00fcn\u00fcm\u00fczde \u00d6zceylan-1 ile Bah\u00e7e\u015fehir mahallesinde ba\u015flad\u0131\u011f\u0131 projelerine; G\u00fcrselpa\u015fa mahallesindeki \u00d6zceylan Garden City projesi ile s\u00fcrd\u00fcrmektedir. \u00d6zceylan [&hellip;]<\/p>\n","protected":false},"author":1,"featured_media":0,"parent":0,"menu_order":0,"comment_status":"closed","ping_status":"closed","template":"","meta":{"_acf_changed":false,"footnotes":""},"acf":[],"_links":{"self":[{"href":"https:\/\/ozceylaninsaat.com.tr\/index.php\/wp-json\/wp\/v2\/pages\/213"}],"collection":[{"href":"https:\/\/ozceylaninsaat.com.tr\/index.php\/wp-json\/wp\/v2\/pages"}],"about":[{"href":"https:\/\/ozceylaninsaat.com.tr\/index.php\/wp-json\/wp\/v2\/types\/page"}],"author":[{"embeddable":true,"href":"https:\/\/ozceylaninsaat.com.tr\/index.php\/wp-json\/wp\/v2\/users\/1"}],"replies":[{"embeddable":true,"href":"https:\/\/ozceylaninsaat.com.tr\/index.php\/wp-json\/wp\/v2\/comments?post=213"}],"version-history":[{"count":25,"href":"https:\/\/ozceylaninsaat.com.tr\/index.php\/wp-json\/wp\/v2\/pages\/213\/revisions"}],"predecessor-version":[{"id":1782,"href":"https:\/\/ozceylaninsaat.com.tr\/index.php\/wp-json\/wp\/v2\/pages\/213\/revisions\/1782"}],"wp:attachment":[{"href":"https:\/\/ozceylaninsaat.com.tr\/index.php\/wp-json\/wp\/v2\/media?parent=213"}],"curies":[{"name":"wp","href":"https:\/\/api.w.org\/{rel}","templated":true}]}}