{"id":361,"date":"2020-04-12T16:37:13","date_gmt":"2020-04-12T16:37:13","guid":{"rendered":"https:\/\/gridvalley.net\/wp\/industroz\/dummy\/about-us-2-copy\/"},"modified":"2024-05-12T10:45:04","modified_gmt":"2024-05-12T10:45:04","slug":"politikalarimiz","status":"publish","type":"page","link":"https:\/\/ozceylaninsaat.com.tr\/index.php\/politikalarimiz\/","title":{"rendered":"Politikalar\u0131m\u0131z"},"content":{"rendered":"\t\t<div data-elementor-type=\"wp-page\" data-elementor-id=\"361\" class=\"elementor elementor-361\">\n\t\t\t\t<div class=\"elementor-element elementor-element-7618757 e-grid e-con-boxed e-con e-parent\" data-id=\"7618757\" data-element_type=\"container\">\n\t\t\t\t\t<div class=\"e-con-inner\">\n\t\t\t\t<div class=\"elementor-element elementor-element-33f0bae elementor-widget elementor-widget-image\" data-id=\"33f0bae\" data-element_type=\"widget\" data-widget_type=\"image.default\">\n\t\t\t\t<div class=\"elementor-widget-container\">\n\t\t\t\t\t\t\t\t\t\t\t\t\t\t\t<img fetchpriority=\"high\" decoding=\"async\" width=\"580\" height=\"384\" src=\"https:\/\/ozceylaninsaat.com.tr\/wp-content\/uploads\/2024\/05\/KALITE.jpg\" class=\"attachment-large size-large wp-image-1394\" alt=\"\" srcset=\"https:\/\/ozceylaninsaat.com.tr\/wp-content\/uploads\/2024\/05\/KALITE.jpg 800w, https:\/\/ozceylaninsaat.com.tr\/wp-content\/uploads\/2024\/05\/KALITE-300x199.jpg 300w, https:\/\/ozceylaninsaat.com.tr\/wp-content\/uploads\/2024\/05\/KALITE-768x509.jpg 768w, https:\/\/ozceylaninsaat.com.tr\/wp-content\/uploads\/2024\/05\/KALITE-600x398.jpg 600w\" sizes=\"(max-width: 580px) 100vw, 580px\" \/>\t\t\t\t\t\t\t\t\t\t\t\t\t\t\t<\/div>\n\t\t\t\t<\/div>\n\t\t\t\t<div class=\"elementor-element elementor-element-f0c493e elementor-widget elementor-widget-text-editor\" data-id=\"f0c493e\" data-element_type=\"widget\" data-widget_type=\"text-editor.default\">\n\t\t\t\t<div class=\"elementor-widget-container\">\n\t\t\t\t\t\t\t\t\t<h3 data-sider-select-id=\"e32c37c7-445d-4131-b8d8-26df53e1bd1c\"><span style=\"color: #ff9900;\">KAL\u0130TE POL\u0130T\u0130KALARIMIZ<\/span><\/h3><p data-sider-select-id=\"e32c37c7-445d-4131-b8d8-26df53e1bd1c\">\u0130lkeleri d\u00fcr\u00fcstl\u00fck , kalite ve g\u00fcven olan \u00d6ZCEYLAN \u0130N\u015eAAT;<\/p><ul><li>\u0130\u00e7inde bulundu\u011fumuz topluma ve \u00e7evreye sayg\u0131l\u0131 , yararl\u0131 , \u00f6rnek bir kurulu\u015f olmay\u0131,<\/li><li>T\u00fcm s\u00fcre\u00e7lerde , m\u00fc\u015fterinin ihtiya\u00e7 ve beklentilerini tam olarak kar\u015f\u0131layan bir anlay\u0131\u015f i\u00e7inde g\u00fcvenilir ve aranan firma olmay\u0131,<\/li><li>T\u00fcm \u00e7al\u0131\u015fanlarda kalite , \u00e7evre ve i\u015f g\u00fcvenli\u011fi bilincini tesis etmeyi,<\/li><li>Tedarik\u00e7i ve ta\u015feronlarla g\u00fcvene dayal\u0131 bir i\u015fbirli\u011fi i\u00e7inde olmay\u0131,<\/li><li>Ba\u015flanan her projeyi zaman\u0131nda, en \u00fcst d\u00fczey tekniklerle projesine tam uyumlu, istenen kalitede tamamlamay\u0131,<\/li><\/ul><p>kalite Politikas\u0131 olarak belirlemi\u015ftir.<\/p>\t\t\t\t\t\t\t\t<\/div>\n\t\t\t\t<\/div>\n\t\t\t\t\t<\/div>\n\t\t\t\t<\/div>\n\t\t<div class=\"elementor-element elementor-element-bc88d2a e-flex e-con-boxed e-con e-parent\" data-id=\"bc88d2a\" data-element_type=\"container\">\n\t\t\t\t\t<div class=\"e-con-inner\">\n\t\t<div class=\"elementor-element elementor-element-d763382 e-con-full e-flex e-con e-child\" data-id=\"d763382\" data-element_type=\"container\">\n\t\t\t\t<div class=\"elementor-element elementor-element-8f90b38 elementor-widget elementor-widget-text-editor\" data-id=\"8f90b38\" data-element_type=\"widget\" data-widget_type=\"text-editor.default\">\n\t\t\t\t<div class=\"elementor-widget-container\">\n\t\t\t\t\t\t\t\t\t<h3 data-sider-select-id=\"e32c37c7-445d-4131-b8d8-26df53e1bd1c\"><span style=\"color: #ff9900;\">\u00c7EVRE POL\u0130T\u0130KALARIMIZ<\/span><\/h3><p data-sider-select-id=\"e32c37c7-445d-4131-b8d8-26df53e1bd1c\">T\u00fcm faaliyetlerinde at\u0131klar\u0131 en alt d\u00fczeye indirerek do\u011fru y\u00f6ntemlerle imhas\u0131n\u0131 ger\u00e7ekle\u015ftirmek, do\u011fal kaynaklar\u0131 koruyup enerji tasarrufu sa\u011flamak, t\u00fcm yat\u0131r\u0131mlar\u0131nda \u00e7evresel etkileri dikkate almak, \u00e7evreye sayg\u0131l\u0131 bir \u00e7al\u0131\u015fma ortam\u0131 sa\u011flamak ve \u00e7al\u0131\u015fanlar\u0131n\u0131 \u00e7evre g\u00fcvenli\u011fi konusunda bilin\u00e7lendirmek yakla\u015f\u0131m\u0131yla faaliyet g\u00f6steren \u00d6ZCEYLAN \u0130N\u015eAAT, \u00e7evre sa\u011fl\u0131\u011f\u0131 ve g\u00fcvenli\u011fi konusunda belgeli kurulu\u015flarla \u00e7al\u0131\u015fmaya \u00f6zen g\u00f6stermektedir.<\/p>\t\t\t\t\t\t\t\t<\/div>\n\t\t\t\t<\/div>\n\t\t\t\t<\/div>\n\t\t<div class=\"elementor-element elementor-element-0609a6d e-con-full e-flex e-con e-child\" data-id=\"0609a6d\" data-element_type=\"container\">\n\t\t\t\t<div class=\"elementor-element elementor-element-943686f elementor-widget elementor-widget-image\" data-id=\"943686f\" data-element_type=\"widget\" data-widget_type=\"image.default\">\n\t\t\t\t<div class=\"elementor-widget-container\">\n\t\t\t\t\t\t\t\t\t\t\t\t\t\t\t<img decoding=\"async\" width=\"580\" height=\"384\" src=\"https:\/\/ozceylaninsaat.com.tr\/wp-content\/uploads\/2024\/05\/CEVRE.jpg\" class=\"attachment-large size-large wp-image-1404\" alt=\"\" srcset=\"https:\/\/ozceylaninsaat.com.tr\/wp-content\/uploads\/2024\/05\/CEVRE.jpg 800w, https:\/\/ozceylaninsaat.com.tr\/wp-content\/uploads\/2024\/05\/CEVRE-300x199.jpg 300w, https:\/\/ozceylaninsaat.com.tr\/wp-content\/uploads\/2024\/05\/CEVRE-768x509.jpg 768w, https:\/\/ozceylaninsaat.com.tr\/wp-content\/uploads\/2024\/05\/CEVRE-600x398.jpg 600w\" sizes=\"(max-width: 580px) 100vw, 580px\" \/>\t\t\t\t\t\t\t\t\t\t\t\t\t\t\t<\/div>\n\t\t\t\t<\/div>\n\t\t\t\t<\/div>\n\t\t\t\t\t<\/div>\n\t\t\t\t<\/div>\n\t\t<div class=\"elementor-element elementor-element-210c44e e-flex e-con-boxed e-con e-parent\" data-id=\"210c44e\" data-element_type=\"container\">\n\t\t\t\t\t<div class=\"e-con-inner\">\n\t\t<div class=\"elementor-element elementor-element-ec90e67 e-con-full e-flex e-con e-child\" data-id=\"ec90e67\" data-element_type=\"container\">\n\t\t\t\t<div class=\"elementor-element elementor-element-3ff2092 elementor-widget elementor-widget-image\" data-id=\"3ff2092\" data-element_type=\"widget\" data-widget_type=\"image.default\">\n\t\t\t\t<div class=\"elementor-widget-container\">\n\t\t\t\t\t\t\t\t\t\t\t\t\t\t\t<img decoding=\"async\" width=\"580\" height=\"384\" src=\"https:\/\/ozceylaninsaat.com.tr\/wp-content\/uploads\/2024\/05\/IS.jpg\" class=\"attachment-large size-large wp-image-1414\" alt=\"\" srcset=\"https:\/\/ozceylaninsaat.com.tr\/wp-content\/uploads\/2024\/05\/IS.jpg 800w, https:\/\/ozceylaninsaat.com.tr\/wp-content\/uploads\/2024\/05\/IS-300x199.jpg 300w, https:\/\/ozceylaninsaat.com.tr\/wp-content\/uploads\/2024\/05\/IS-768x509.jpg 768w, https:\/\/ozceylaninsaat.com.tr\/wp-content\/uploads\/2024\/05\/IS-600x398.jpg 600w\" sizes=\"(max-width: 580px) 100vw, 580px\" \/>\t\t\t\t\t\t\t\t\t\t\t\t\t\t\t<\/div>\n\t\t\t\t<\/div>\n\t\t\t\t<\/div>\n\t\t<div class=\"elementor-element elementor-element-69e1d34 e-con-full e-flex e-con e-child\" data-id=\"69e1d34\" data-element_type=\"container\">\n\t\t\t\t<div class=\"elementor-element elementor-element-c674f8b elementor-widget elementor-widget-text-editor\" data-id=\"c674f8b\" data-element_type=\"widget\" data-widget_type=\"text-editor.default\">\n\t\t\t\t<div class=\"elementor-widget-container\">\n\t\t\t\t\t\t\t\t\t<h3 data-sider-select-id=\"e32c37c7-445d-4131-b8d8-26df53e1bd1c\"><span style=\"color: #ff9900;\">\u0130\u015e G\u00dcVENL\u0130\u011e\u0130 POL\u0130T\u0130KALARIMIZ<\/span><\/h3><p data-sider-select-id=\"e32c37c7-445d-4131-b8d8-26df53e1bd1c\">T\u00fcm \u00e7al\u0131\u015fanlar\u0131m\u0131z\u0131n, alt y\u00fcklenicilerimizin tedarik\u00e7ilerimizin ve ziyaret\u00e7ilerimizin y\u00fcr\u00fcrl\u00fckte bulunan \u0130SG mevzuatlar\u0131na ve bu do\u011frultuda olu\u015fturulan \u0130SG kurallar\u0131na uymalar\u0131n\u0131 sa\u011flamak, denetlemek;<br \/><br \/>T\u00fcm s\u00fcre\u00e7lerimize \u00e7al\u0131\u015fanlar\u0131m\u0131z\u0131n ve alt y\u00fcklenicilerimizin ve tedarik\u00e7ilerimizin kat\u0131l\u0131m\u0131n\u0131 sa\u011flamak;\u00a0<br \/><br \/>\u00c7al\u0131\u015fanlar\u0131n, alt y\u00fcklenicilerin, ziyaret\u00e7ilerin ve i\u015fyeri d\u0131\u015f\u0131nda \u00e7al\u0131\u015fan \u015firket personelimizin sa\u011fl\u0131k ve g\u00fcvenliklerini temin etmek i\u00e7in, \u0130SG ile ilgili di\u011fer gerekliliklere uygun olarak her t\u00fcrl\u00fc tedbiri almak , ara\u00e7 gere\u00e7 ve\u00a0<strong>Ki\u015fisel Koruyucu Ekipmanlar\u0131<\/strong> bulundurmak ve kullan\u0131lmas\u0131n\u0131 sa\u011flamak;\u00a0<\/p>\t\t\t\t\t\t\t\t<\/div>\n\t\t\t\t<\/div>\n\t\t\t\t<\/div>\n\t\t\t\t\t<\/div>\n\t\t\t\t<\/div>\n\t\t\t\t<\/div>\n\t\t","protected":false},"excerpt":{"rendered":"<p>KAL\u0130TE POL\u0130T\u0130KALARIMIZ \u0130lkeleri d\u00fcr\u00fcstl\u00fck , kalite ve g\u00fcven olan \u00d6ZCEYLAN \u0130N\u015eAAT; \u0130\u00e7inde bulundu\u011fumuz topluma ve \u00e7evreye sayg\u0131l\u0131 , yararl\u0131 , \u00f6rnek bir kurulu\u015f olmay\u0131, T\u00fcm s\u00fcre\u00e7lerde , m\u00fc\u015fterinin ihtiya\u00e7 ve beklentilerini tam olarak kar\u015f\u0131layan bir anlay\u0131\u015f i\u00e7inde g\u00fcvenilir ve aranan firma olmay\u0131, T\u00fcm \u00e7al\u0131\u015fanlarda kalite , \u00e7evre ve i\u015f g\u00fcvenli\u011fi bilincini tesis etmeyi, Tedarik\u00e7i ve [&hellip;]<\/p>\n","protected":false},"author":1,"featured_media":0,"parent":0,"menu_order":0,"comment_status":"closed","ping_status":"closed","template":"","meta":{"_acf_changed":false,"footnotes":""},"acf":[],"_links":{"self":[{"href":"https:\/\/ozceylaninsaat.com.tr\/index.php\/wp-json\/wp\/v2\/pages\/361"}],"collection":[{"href":"https:\/\/ozceylaninsaat.com.tr\/index.php\/wp-json\/wp\/v2\/pages"}],"about":[{"href":"https:\/\/ozceylaninsaat.com.tr\/index.php\/wp-json\/wp\/v2\/types\/page"}],"author":[{"embeddable":true,"href":"https:\/\/ozceylaninsaat.com.tr\/index.php\/wp-json\/wp\/v2\/users\/1"}],"replies":[{"embeddable":true,"href":"https:\/\/ozceylaninsaat.com.tr\/index.php\/wp-json\/wp\/v2\/comments?post=361"}],"version-history":[{"count":35,"href":"https:\/\/ozceylaninsaat.com.tr\/index.php\/wp-json\/wp\/v2\/pages\/361\/revisions"}],"predecessor-version":[{"id":1422,"href":"https:\/\/ozceylaninsaat.com.tr\/index.php\/wp-json\/wp\/v2\/pages\/361\/revisions\/1422"}],"wp:attachment":[{"href":"https:\/\/ozceylaninsaat.com.tr\/index.php\/wp-json\/wp\/v2\/media?parent=361"}],"curies":[{"name":"wp","href":"https:\/\/api.w.org\/{rel}","templated":true}]}}