{"id":40,"date":"2020-04-11T18:52:17","date_gmt":"2020-04-11T18:52:17","guid":{"rendered":"https:\/\/gridvalley.net\/wp\/industroz\/dummy\/?page_id=40"},"modified":"2026-03-24T12:16:35","modified_gmt":"2026-03-24T12:16:35","slug":"iletisim","status":"publish","type":"page","link":"https:\/\/ozceylaninsaat.com.tr\/index.php\/iletisim\/","title":{"rendered":"\u0130leti\u015fim"},"content":{"rendered":"\t\t<div data-elementor-type=\"wp-page\" data-elementor-id=\"40\" class=\"elementor elementor-40\">\n\t\t\t\t\t\t<section class=\"elementor-section elementor-top-section elementor-element elementor-element-132dbd0 elementor-section-boxed elementor-section-height-default elementor-section-height-default\" data-id=\"132dbd0\" data-element_type=\"section\">\n\t\t\t\t\t\t<div class=\"elementor-container elementor-column-gap-default\">\n\t\t\t\t\t<div class=\"elementor-column elementor-col-50 elementor-top-column elementor-element elementor-element-64d74a4\" data-id=\"64d74a4\" data-element_type=\"column\">\n\t\t\t<div class=\"elementor-widget-wrap elementor-element-populated\">\n\t\t\t\t\t\t<div class=\"elementor-element elementor-element-0f51984 elementor-widget elementor-widget-contact-info\" data-id=\"0f51984\" data-element_type=\"widget\" data-widget_type=\"contact-info.default\">\n\t\t\t\t<div class=\"elementor-widget-container\">\n\t\t\t\t\t\t\t<div class=\"contact-info\">\n\t\t\t<div class=\"contact-info-inner\">\n\t\t\t\t\t\t\t\t\n\t\t\t\t<div class=\"contact-info-section\" style=\"background-image:url(https:\/\/ozceylaninsaat.com.tr\/wp-content\/themes\/industroz\/assets\/images\/bg-map2.png);\">  \n\t\t\t\t\t\t\t\t\t\t\t<div class=\"wt-icon-box-wraper left m-b30\">\n\n\t\t\t\t\t\t\t<div class=\"icon-content\">\n\t\t\t\t\t\t\t\t<h3 class=\"m-t0 text-white\">Telefon Numaras\u0131<\/h3>\n\t\t\t\t\t\t\t\t<p>\u0130n\u015faat Malzeme \u0130rtibat\u00a0 \u00a0 \u00a0 \u00a0 0(536) 830 39 90\u00a0<\/p><p>\u00d6zceylan Sat\u0131\u015f Ofis \u0130rtibat\u00a0 \u00a00(538) 591 12 86<\/p>\t\t\t\t\t\t\t<\/div>\n\t\t\t\t\t\t<\/div>\n\t\t\t\t\t\t\t\t\t\t\t\t<div class=\"wt-icon-box-wraper left m-b30\">\n\n\t\t\t\t\t\t\t<div class=\"icon-content\">\n\t\t\t\t\t\t\t\t<h3 class=\"m-t0 text-white\">Eposta Adresi<\/h3>\n\t\t\t\t\t\t\t\t<p>info@ozceylaninsaat.com.tr<\/p>\t\t\t\t\t\t\t<\/div>\n\t\t\t\t\t\t<\/div>\n\t\t\t\t\t\t\t\t\t\t\t\t<div class=\"wt-icon-box-wraper left m-b30\">\n\n\t\t\t\t\t\t\t<div class=\"icon-content\">\n\t\t\t\t\t\t\t\t<h3 class=\"m-t0 text-white\">Adres Bilgisi<\/h3>\n\t\t\t\t\t\t\t\t<p>Sat\u0131\u015f Ofis Adres : G\u00fcrselpa\u015fa Mah.75403 sokak no:1<\/p><p>REAL KAV\u015eA\u011eI Seyhan\/Adana<\/p><p>\u00a0<\/p><p>\u0130n\u015faat Malzeme Adres : Ova mahallesi \u015eakirpa\u015fa Caddesi No: 239\/A\u00a0 Seyhan-ADANA<\/p>\t\t\t\t\t\t\t<\/div>\n\t\t\t\t\t\t<\/div>\n\t\t\t\t\t\t\t\t\t\t\t\t<div class=\"wt-icon-box-wraper left \">\n\n\t\t\t\t\t\t\t<div class=\"icon-content\">\n\t\t\t\t\t\t\t\t<h3 class=\"m-t0 text-white\">\u00c7al\u0131\u015fma Saatleri<\/h3>\n\t\t\t\t\t\t\t\t<ul class=\"list-unstyled\"><li>Ptesi-Cuma: 08:00 - 18:00<\/li><li>Cumartesi: 08:00 -13:00<\/li><li>Pazar: Kapal\u0131<\/li><\/ul>\t\t\t\t\t\t\t<\/div>\n\t\t\t\t\t\t<\/div>\n\t\t\t\t\t\t\t\t\t\t<\/div>\n\t\t\t<\/div>\n\t\t<\/div>\n\t\t\t\t\t\t<\/div>\n\t\t\t\t<\/div>\n\t\t\t\t\t<\/div>\n\t\t<\/div>\n\t\t\t\t<div class=\"elementor-column elementor-col-50 elementor-top-column elementor-element elementor-element-8965759\" data-id=\"8965759\" data-element_type=\"column\">\n\t\t\t<div class=\"elementor-widget-wrap elementor-element-populated\">\n\t\t\t\t\t\t<div class=\"elementor-element elementor-element-881ce34 elementor-widget elementor-widget-image\" data-id=\"881ce34\" data-element_type=\"widget\" data-widget_type=\"image.default\">\n\t\t\t\t<div class=\"elementor-widget-container\">\n\t\t\t\t\t\t\t\t\t\t\t\t\t\t\t<img decoding=\"async\" src=\"https:\/\/ozceylaninsaat.com.tr\/wp-content\/uploads\/elementor\/thumbs\/Yeni-Bit-Eslem-Resmi-rkzhk5qcx5nss5vgs0hrd8qutk8krbrmo01yu8kk0o.bmp\" title=\"Yeni Bit E\u015flem Resmi\" alt=\"Yeni Bit E\u015flem Resmi\" loading=\"lazy\" \/>\t\t\t\t\t\t\t\t\t\t\t\t\t\t\t<\/div>\n\t\t\t\t<\/div>\n\t\t\t\t\t<\/div>\n\t\t<\/div>\n\t\t\t\t\t<\/div>\n\t\t<\/section>\n\t\t\t\t<section class=\"elementor-section elementor-top-section elementor-element elementor-element-2f64bf1 elementor-section-boxed elementor-section-height-default elementor-section-height-default\" data-id=\"2f64bf1\" data-element_type=\"section\" data-settings=\"{&quot;background_background&quot;:&quot;classic&quot;}\">\n\t\t\t\t\t\t<div class=\"elementor-container elementor-column-gap-default\">\n\t\t\t\t\t<div class=\"elementor-column elementor-col-100 elementor-top-column elementor-element elementor-element-6e212c3\" data-id=\"6e212c3\" data-element_type=\"column\">\n\t\t\t<div class=\"elementor-widget-wrap elementor-element-populated\">\n\t\t\t\t\t\t<div class=\"elementor-element elementor-element-e4eca9d elementor-widget elementor-widget-shortcode\" data-id=\"e4eca9d\" data-element_type=\"widget\" data-widget_type=\"shortcode.default\">\n\t\t\t\t<div class=\"elementor-widget-container\">\n\t\t\t\t\t\t\t<div class=\"elementor-shortcode\">\n<div class=\"wpcf7 no-js\" id=\"wpcf7-f416-o1\" lang=\"en-US\" dir=\"ltr\">\n<div class=\"screen-reader-response\"><p role=\"status\" aria-live=\"polite\" aria-atomic=\"true\"><\/p> <ul><\/ul><\/div>\n<form action=\"\/index.php\/wp-json\/wp\/v2\/pages\/40#wpcf7-f416-o1\" method=\"post\" class=\"wpcf7-form init\" aria-label=\"Contact form\" novalidate=\"novalidate\" data-status=\"init\">\n<div style=\"display: none;\">\n<input type=\"hidden\" name=\"_wpcf7\" value=\"416\" \/>\n<input type=\"hidden\" name=\"_wpcf7_version\" value=\"5.9.4\" \/>\n<input type=\"hidden\" name=\"_wpcf7_locale\" value=\"en_US\" \/>\n<input type=\"hidden\" name=\"_wpcf7_unit_tag\" value=\"wpcf7-f416-o1\" \/>\n<input type=\"hidden\" name=\"_wpcf7_container_post\" value=\"0\" \/>\n<input type=\"hidden\" name=\"_wpcf7_posted_data_hash\" value=\"\" \/>\n<\/div>\n<div class=\"cons-contact-form-new\">\n<div class=\"section-head center wt-small-separator-outer text-center\">\n<div class=\"wt-small-separator site-text-primary\">\n<div class=\"sep-leaf-left\"><\/div>\n<div>\u0130leti\u015fim Formu<\/div>\n<div class=\"sep-leaf-right\"><\/div>\n<\/div><h2>Bize Ula\u015f\u0131n<\/h2>\n<\/div>\n<div class=\"row\">\n<div class=\"col-md-6 col-sm-6\"><div class=\"form-group\"><span class=\"wpcf7-form-control-wrap\" data-name=\"text-370\"><input size=\"40\" class=\"wpcf7-form-control wpcf7-text wpcf7-validates-as-required form-control\" aria-required=\"true\" aria-invalid=\"false\" placeholder=\"Ad\u0131n\u0131z ve Soyad\u0131n\u0131z\" value=\"\" type=\"text\" name=\"text-370\" \/><\/span><\/div><\/div>\n<div class=\"col-md-6 col-sm-6\"><div class=\"form-group\"><span class=\"wpcf7-form-control-wrap\" data-name=\"email-420\"><input size=\"40\" class=\"wpcf7-form-control wpcf7-email wpcf7-validates-as-required wpcf7-text wpcf7-validates-as-email form-control\" aria-required=\"true\" aria-invalid=\"false\" placeholder=\"E-Posta\" value=\"\" type=\"email\" name=\"email-420\" \/><\/span><\/div><\/div>\n<div class=\"col-md-6 col-sm-6\"><div class=\"form-group\"><span class=\"wpcf7-form-control-wrap\" data-name=\"text-371\"><input size=\"40\" class=\"wpcf7-form-control wpcf7-text wpcf7-validates-as-required form-control\" aria-required=\"true\" aria-invalid=\"false\" placeholder=\"Telefon\" value=\"\" type=\"text\" name=\"text-371\" \/><\/span><\/div><\/div>\n<div class=\"col-md-6 col-sm-6\"><div class=\"form-group\"><span class=\"wpcf7-form-control-wrap\" data-name=\"text-372\"><input size=\"40\" class=\"wpcf7-form-control wpcf7-text wpcf7-validates-as-required form-control\" aria-required=\"true\" aria-invalid=\"false\" placeholder=\"Konu\" value=\"\" type=\"text\" name=\"text-372\" \/><\/span><\/div><\/div>\n<div class=\"col-md-12\"><div class=\"form-group\"><span class=\"wpcf7-form-control-wrap\" data-name=\"textarea-524\"><textarea cols=\"40\" rows=\"10\" class=\"wpcf7-form-control wpcf7-textarea form-control\" aria-invalid=\"false\" placeholder=\"Mesaj\" name=\"textarea-524\"><\/textarea><\/span><\/div><\/div>\n<div class=\"col-md-12\"><input class=\"wpcf7-form-control wpcf7-submit has-spinner site-button site-btn-effect\" type=\"submit\" value=\"G\u00f6nder\" \/><\/div>\n<\/div>\n<\/div><div class=\"wpcf7-response-output\" aria-hidden=\"true\"><\/div>\n<\/form>\n<\/div>\n<\/div>\n\t\t\t\t\t\t<\/div>\n\t\t\t\t<\/div>\n\t\t\t\t\t<\/div>\n\t\t<\/div>\n\t\t\t\t\t<\/div>\n\t\t<\/section>\n\t\t\t\t<\/div>\n\t\t","protected":false},"excerpt":{"rendered":"<p>Telefon Numaras\u0131 \u0130n\u015faat Malzeme \u0130rtibat\u00a0 \u00a0 \u00a0 \u00a0 0(536) 830 39 90\u00a0 \u00d6zceylan Sat\u0131\u015f Ofis \u0130rtibat\u00a0 \u00a00(538) 591 12 86 Eposta Adresi info@ozceylaninsaat.com.tr Adres Bilgisi Sat\u0131\u015f Ofis Adres : G\u00fcrselpa\u015fa Mah.75403 sokak no:1 REAL KAV\u015eA\u011eI Seyhan\/Adana \u00a0 \u0130n\u015faat Malzeme Adres : Ova mahallesi \u015eakirpa\u015fa Caddesi No: 239\/A\u00a0 Seyhan-ADANA \u00c7al\u0131\u015fma Saatleri Ptesi-Cuma: 08:00 &#8211; 18:00 Cumartesi: [&hellip;]<\/p>\n","protected":false},"author":1,"featured_media":0,"parent":0,"menu_order":0,"comment_status":"closed","ping_status":"closed","template":"","meta":{"_acf_changed":false,"footnotes":""},"acf":[],"_links":{"self":[{"href":"https:\/\/ozceylaninsaat.com.tr\/index.php\/wp-json\/wp\/v2\/pages\/40"}],"collection":[{"href":"https:\/\/ozceylaninsaat.com.tr\/index.php\/wp-json\/wp\/v2\/pages"}],"about":[{"href":"https:\/\/ozceylaninsaat.com.tr\/index.php\/wp-json\/wp\/v2\/types\/page"}],"author":[{"embeddable":true,"href":"https:\/\/ozceylaninsaat.com.tr\/index.php\/wp-json\/wp\/v2\/users\/1"}],"replies":[{"embeddable":true,"href":"https:\/\/ozceylaninsaat.com.tr\/index.php\/wp-json\/wp\/v2\/comments?post=40"}],"version-history":[{"count":47,"href":"https:\/\/ozceylaninsaat.com.tr\/index.php\/wp-json\/wp\/v2\/pages\/40\/revisions"}],"predecessor-version":[{"id":1921,"href":"https:\/\/ozceylaninsaat.com.tr\/index.php\/wp-json\/wp\/v2\/pages\/40\/revisions\/1921"}],"wp:attachment":[{"href":"https:\/\/ozceylaninsaat.com.tr\/index.php\/wp-json\/wp\/v2\/media?parent=40"}],"curies":[{"name":"wp","href":"https:\/\/api.w.org\/{rel}","templated":true}]}}