{"id":705,"date":"2020-07-03T09:19:16","date_gmt":"2020-07-03T09:19:16","guid":{"rendered":"https:\/\/gridvalley.net\/wp\/industroz\/dummy\/home-copy\/"},"modified":"2024-05-12T10:45:18","modified_gmt":"2024-05-12T10:45:18","slug":"anasayfa","status":"publish","type":"page","link":"https:\/\/ozceylaninsaat.com.tr\/","title":{"rendered":"Anasayfa"},"content":{"rendered":"\t\t<div data-elementor-type=\"wp-page\" data-elementor-id=\"705\" class=\"elementor elementor-705\">\n\t\t\t\t\t\t<section class=\"elementor-section elementor-top-section elementor-element elementor-element-5e727c9 elementor-section-boxed elementor-section-height-default elementor-section-height-default\" data-id=\"5e727c9\" data-element_type=\"section\">\n\t\t\t\t\t\t<div class=\"elementor-container elementor-column-gap-default\">\n\t\t\t\t\t<div class=\"elementor-column elementor-col-100 elementor-top-column elementor-element elementor-element-d37fcca\" data-id=\"d37fcca\" data-element_type=\"column\">\n\t\t\t<div class=\"elementor-widget-wrap elementor-element-populated\">\n\t\t\t\t\t\t<div class=\"elementor-element elementor-element-c16d729 elementor-widget elementor-widget-slider_revolution\" data-id=\"c16d729\" data-element_type=\"widget\" data-widget_type=\"slider_revolution.default\">\n\t\t\t\t<div class=\"elementor-widget-container\">\n\t\t\t\t\t\n\t\t<div class=\"wp-block-themepunch-revslider\">\n\t\t\t<!-- START ConstructionSlider1 REVOLUTION SLIDER 6.7.10 --><p class=\"rs-p-wp-fix\"><\/p>\n\t\t\t<rs-module-wrap id=\"rev_slider_3_1_wrapper\" data-source=\"gallery\" style=\"visibility:hidden;background:transparent;padding:0;margin:0px auto;margin-top:0;margin-bottom:0;\">\n\t\t\t\t<rs-module id=\"rev_slider_3_1\" style=\"\" data-version=\"6.7.10\">\n\t\t\t\t\t<rs-slides style=\"overflow: hidden; position: absolute;\">\n\t\t\t\t\t\t<rs-slide style=\"position: absolute;\" data-key=\"rs-5\" data-title=\"Slide\" data-thumb=\"\/\/ozceylaninsaat.com.tr\/wp-content\/uploads\/2024\/05\/slide12-100x50.jpg\" data-anim=\"ms:1500;\" data-in=\"o:-0.5;sx:1.6;sy:1.6;e:power1.inOut;\" data-out=\"o:0;sx:0.6;sy:0.6;e:power1.inOut;\">\n\t\t\t\t\t\t\t<img fetchpriority=\"high\" decoding=\"async\" src=\"\/\/ozceylaninsaat.com.tr\/wp-content\/plugins\/revslider\/sr6\/assets\/assets\/dummy.png\" alt=\"\" title=\"slide12\" width=\"1920\" height=\"720\" class=\"rev-slidebg tp-rs-img rs-lazyload\" data-lazyload=\"\/\/ozceylaninsaat.com.tr\/wp-content\/uploads\/2024\/05\/slide12.jpg\" data-no-retina>\n<!--\n\t\t\t\t\t\t\t--><rs-layer\n\t\t\t\t\t\t\t\tid=\"slider-3-slide-5-layer-2\" \n\t\t\t\t\t\t\t\tclass=\"dash\"\n\t\t\t\t\t\t\t\tdata-type=\"text\"\n\t\t\t\t\t\t\t\tdata-color=\"#ff5e14||#ff5e14||#ff5e14||#ffb53f\"\n\t\t\t\t\t\t\t\tdata-rsp_ch=\"on\"\n\t\t\t\t\t\t\t\tdata-xy=\"xo:34px;yo:264px,264px,264px,172px;\"\n\t\t\t\t\t\t\t\tdata-text=\"s:24,24,24,20;l:39,39,39,22;fw:600;a:inherit;\"\n\t\t\t\t\t\t\t\tdata-frame_0=\"x:-50px;\"\n\t\t\t\t\t\t\t\tdata-frame_1=\"e:power3.out;st:1230;sp:1500;sR:1230;\"\n\t\t\t\t\t\t\t\tdata-frame_999=\"o:0;st:w;sR:6270;\"\n\t\t\t\t\t\t\t\tstyle=\"z-index:6;font-family:'Montserrat';\"\n\t\t\t\t\t\t\t>Uzman Kadro ve <sup class=\"slider-dash-icon\"><\/sup> \n\t\t\t\t\t\t\t<\/rs-layer><!--\n\n\t\t\t\t\t\t\t--><rs-layer\n\t\t\t\t\t\t\t\tid=\"slider-3-slide-5-layer-3\" \n\t\t\t\t\t\t\t\tdata-type=\"text\"\n\t\t\t\t\t\t\t\tdata-rsp_ch=\"on\"\n\t\t\t\t\t\t\t\tdata-xy=\"xo:38px,38px,38px,35px;yo:328px,328px,328px,223px;\"\n\t\t\t\t\t\t\t\tdata-text=\"s:64,64,64,35;l:72,72,72,22;fw:800;a:inherit;\"\n\t\t\t\t\t\t\t\tdata-frame_0=\"x:50px;\"\n\t\t\t\t\t\t\t\tdata-frame_1=\"e:power3.out;st:1400;sp:1500;sR:1400;\"\n\t\t\t\t\t\t\t\tdata-frame_999=\"o:0;st:w;sR:6100;\"\n\t\t\t\t\t\t\t\tstyle=\"z-index:7;font-family:'Poppins';\"\n\t\t\t\t\t\t\t>20 YILLIK DENEY\u0130M \n\t\t\t\t\t\t\t<\/rs-layer><!--\n\n\t\t\t\t\t\t\t--><rs-layer\n\t\t\t\t\t\t\t\tid=\"slider-3-slide-5-layer-4\" \n\t\t\t\t\t\t\t\tdata-type=\"text\"\n\t\t\t\t\t\t\t\tdata-rsp_ch=\"on\"\n\t\t\t\t\t\t\t\tdata-xy=\"xo:34px,34px,34px,35px;yo:410px,410px,410px,262px;\"\n\t\t\t\t\t\t\t\tdata-text=\"s:16,16,16,14;l:26,26,26,22;fw:300,300,300,400;a:inherit;\"\n\t\t\t\t\t\t\t\tdata-frame_0=\"x:50px;\"\n\t\t\t\t\t\t\t\tdata-frame_1=\"e:power3.out;st:1980;sp:1500;sR:1980;\"\n\t\t\t\t\t\t\t\tdata-frame_999=\"x:50px;o:0;st:w;sR:5520;\"\n\t\t\t\t\t\t\t\tstyle=\"z-index:8;font-family:'Montserrat';\"\n\t\t\t\t\t\t\t>Size sa\u011flam ve konforlu ya\u015fam alanlar\u0131 in\u015faa etmek i\u00e7in kullan\u0131l\u0131yor<br> \n\t\t\t\t\t\t\t<\/rs-layer><!--\n\n\t\t\t\t\t\t\t--><rs-layer\n\t\t\t\t\t\t\t\tid=\"slider-3-slide-5-layer-7\" \n\t\t\t\t\t\t\t\tclass=\"tp-shape tp-shapewrapper\"\n\t\t\t\t\t\t\t\tdata-type=\"shape\"\n\t\t\t\t\t\t\t\tdata-rsp_ch=\"on\"\n\t\t\t\t\t\t\t\tdata-xy=\"xo:-1558px;yo:-1495px;\"\n\t\t\t\t\t\t\t\tdata-text=\"a:inherit;\"\n\t\t\t\t\t\t\t\tdata-dim=\"w:5000px;h:5000px;\"\n\t\t\t\t\t\t\t\tdata-frame_1=\"st:360;sR:360;\"\n\t\t\t\t\t\t\t\tdata-frame_999=\"o:0;st:w;sR:8340;\"\n\t\t\t\t\t\t\t\tstyle=\"z-index:5;background-color:rgba(0,0,0,0.5);\"\n\t\t\t\t\t\t\t> \n\t\t\t\t\t\t\t<\/rs-layer><!--\n-->\t\t\t\t\t<\/rs-slide>\n\t\t\t\t\t\t<rs-slide style=\"position: absolute;\" data-key=\"rs-6\" data-title=\"Slide\" data-thumb=\"\/\/ozceylaninsaat.com.tr\/wp-content\/uploads\/2024\/05\/slide13-100x50.jpg\" data-anim=\"ms:1500;\" data-in=\"x:100%;e:power1.inOut;\">\n\t\t\t\t\t\t\t<img decoding=\"async\" src=\"\/\/ozceylaninsaat.com.tr\/wp-content\/plugins\/revslider\/sr6\/assets\/assets\/dummy.png\" alt=\"\" title=\"slide13\" width=\"1920\" height=\"720\" class=\"rev-slidebg tp-rs-img rs-lazyload\" data-lazyload=\"\/\/ozceylaninsaat.com.tr\/wp-content\/uploads\/2024\/05\/slide13.jpg\" data-no-retina>\n<!--\n\t\t\t\t\t\t\t--><rs-layer\n\t\t\t\t\t\t\t\tid=\"slider-3-slide-6-layer-2\" \n\t\t\t\t\t\t\t\tclass=\"dash\"\n\t\t\t\t\t\t\t\tdata-type=\"text\"\n\t\t\t\t\t\t\t\tdata-color=\"#ff5e14||#ff5e14||#ff5e14||#ffb53f\"\n\t\t\t\t\t\t\t\tdata-rsp_ch=\"on\"\n\t\t\t\t\t\t\t\tdata-xy=\"x:c;xo:1px,1px,1px,-7px;yo:371px,371px,371px,187px;\"\n\t\t\t\t\t\t\t\tdata-text=\"s:24,24,24,20;l:39,39,39,22;fw:600;a:inherit;\"\n\t\t\t\t\t\t\t\tdata-frame_0=\"x:-50px;\"\n\t\t\t\t\t\t\t\tdata-frame_1=\"e:power3.out;st:1230;sp:1500;sR:1230;\"\n\t\t\t\t\t\t\t\tdata-frame_999=\"o:0;st:w;sR:6270;\"\n\t\t\t\t\t\t\t\tstyle=\"z-index:6;font-family:'Montserrat';\"\n\t\t\t\t\t\t\t>Yeni Haliyle<sup class=\"slider-dash-icon\"><\/sup> \n\t\t\t\t\t\t\t<\/rs-layer><!--\n\n\t\t\t\t\t\t\t--><rs-layer\n\t\t\t\t\t\t\t\tid=\"slider-3-slide-6-layer-3\" \n\t\t\t\t\t\t\t\tdata-type=\"text\"\n\t\t\t\t\t\t\t\tdata-rsp_ch=\"on\"\n\t\t\t\t\t\t\t\tdata-xy=\"x:c;xo:0,0,0,-5px;yo:435px,435px,435px,238px;\"\n\t\t\t\t\t\t\t\tdata-text=\"s:64,64,64,35;l:72,72,72,22;fw:800;a:inherit;\"\n\t\t\t\t\t\t\t\tdata-frame_0=\"x:50px;\"\n\t\t\t\t\t\t\t\tdata-frame_1=\"st:1400;sp:1500;sR:1400;\"\n\t\t\t\t\t\t\t\tdata-frame_999=\"o:0;st:w;sR:6100;\"\n\t\t\t\t\t\t\t\tstyle=\"z-index:7;font-family:'Poppins';\"\n\t\t\t\t\t\t\t>DEPREM Y\u00d6NETMEL\u0130\u011e\u0130NE \n\t\t\t\t\t\t\t<\/rs-layer><!--\n\n\t\t\t\t\t\t\t--><rs-layer\n\t\t\t\t\t\t\t\tid=\"slider-3-slide-6-layer-4\" \n\t\t\t\t\t\t\t\tclass=\"text-center\"\n\t\t\t\t\t\t\t\tdata-type=\"text\"\n\t\t\t\t\t\t\t\tdata-rsp_ch=\"on\"\n\t\t\t\t\t\t\t\tdata-xy=\"x:c;xo:0,0,0,6px;yo:520px,520px,520px,277px;\"\n\t\t\t\t\t\t\t\tdata-text=\"s:16,16,16,14;l:26,26,26,22;fw:300,300,300,400;a:inherit;\"\n\t\t\t\t\t\t\t\tdata-frame_0=\"x:50px;\"\n\t\t\t\t\t\t\t\tdata-frame_1=\"e:power3.out;st:1980;sp:1500;sR:1980;\"\n\t\t\t\t\t\t\t\tdata-frame_999=\"x:50px;o:0;st:w;sR:5520;\"\n\t\t\t\t\t\t\t\tstyle=\"z-index:8;font-family:'Montserrat';\"\n\t\t\t\t\t\t\t>Projeye , tamamen uygun \u00e7al\u0131\u015f\u0131yoruz<br>\n \n\t\t\t\t\t\t\t<\/rs-layer><!--\n\n\t\t\t\t\t\t\t--><rs-layer\n\t\t\t\t\t\t\t\tid=\"slider-3-slide-6-layer-7\" \n\t\t\t\t\t\t\t\tclass=\"tp-shape tp-shapewrapper\"\n\t\t\t\t\t\t\t\tdata-type=\"shape\"\n\t\t\t\t\t\t\t\tdata-rsp_ch=\"on\"\n\t\t\t\t\t\t\t\tdata-xy=\"xo:-1499px,-1499px,-1499px,-1498px;yo:-1509px;\"\n\t\t\t\t\t\t\t\tdata-text=\"a:inherit;\"\n\t\t\t\t\t\t\t\tdata-dim=\"w:5000px;h:5000px;\"\n\t\t\t\t\t\t\t\tdata-frame_1=\"st:360;sR:360;\"\n\t\t\t\t\t\t\t\tdata-frame_999=\"o:0;st:w;sR:8340;\"\n\t\t\t\t\t\t\t\tstyle=\"z-index:5;background-color:rgba(0,0,0,0.5);\"\n\t\t\t\t\t\t\t> \n\t\t\t\t\t\t\t<\/rs-layer><!--\n-->\t\t\t\t\t<\/rs-slide>\n\t\t\t\t\t\t<rs-slide style=\"position: absolute;\" data-key=\"rs-7\" data-title=\"Slide\" data-thumb=\"\/\/ozceylaninsaat.com.tr\/wp-content\/uploads\/2024\/05\/slide11-100x50.jpg\" data-anim=\"ms:1500;\" data-in=\"o:-0.5;sx:1.6;sy:1.6;e:power1.inOut;\" data-out=\"o:0;sx:0.6;sy:0.6;e:power1.inOut;\">\n\t\t\t\t\t\t\t<img decoding=\"async\" src=\"\/\/ozceylaninsaat.com.tr\/wp-content\/plugins\/revslider\/sr6\/assets\/assets\/dummy.png\" alt=\"\" title=\"slide11\" width=\"1920\" height=\"720\" class=\"rev-slidebg tp-rs-img rs-lazyload\" data-lazyload=\"\/\/ozceylaninsaat.com.tr\/wp-content\/uploads\/2024\/05\/slide11.jpg\" data-no-retina>\n<!--\n\t\t\t\t\t\t\t--><rs-layer\n\t\t\t\t\t\t\t\tid=\"slider-3-slide-7-layer-2\" \n\t\t\t\t\t\t\t\tclass=\"dash\"\n\t\t\t\t\t\t\t\tdata-type=\"text\"\n\t\t\t\t\t\t\t\tdata-color=\"#ff5e14||#ff5e14||#ff5e14||#ffb53f\"\n\t\t\t\t\t\t\t\tdata-rsp_ch=\"on\"\n\t\t\t\t\t\t\t\tdata-xy=\"x:r,r,r,l;xo:39px,39px,39px,23px;yo:297px,297px,297px,168px;\"\n\t\t\t\t\t\t\t\tdata-text=\"s:24,24,24,20;l:39,39,39,22;fw:600;a:inherit;\"\n\t\t\t\t\t\t\t\tdata-frame_0=\"x:-50px;\"\n\t\t\t\t\t\t\t\tdata-frame_1=\"e:power3.out;st:1230;sp:1500;sR:1230;\"\n\t\t\t\t\t\t\t\tdata-frame_999=\"o:0;st:w;sR:6270;\"\n\t\t\t\t\t\t\t\tstyle=\"z-index:6;font-family:'Montserrat';\"\n\t\t\t\t\t\t\t>Haz\u0131r M\u0131s\u0131n\u0131z?<sup class=\"slider-dash-icon\"><\/sup> \n\t\t\t\t\t\t\t<\/rs-layer><!--\n\n\t\t\t\t\t\t\t--><rs-layer\n\t\t\t\t\t\t\t\tid=\"slider-3-slide-7-layer-3\" \n\t\t\t\t\t\t\t\tdata-type=\"text\"\n\t\t\t\t\t\t\t\tdata-rsp_ch=\"on\"\n\t\t\t\t\t\t\t\tdata-xy=\"x:r,r,r,l;xo:29px,29px,29px,26px;yo:356px,356px,356px,218px;\"\n\t\t\t\t\t\t\t\tdata-text=\"s:64,64,64,35;l:72,72,72,22;fw:800;a:inherit;\"\n\t\t\t\t\t\t\t\tdata-frame_0=\"x:50px;\"\n\t\t\t\t\t\t\t\tdata-frame_1=\"st:1400;sp:1500;sR:1400;\"\n\t\t\t\t\t\t\t\tdata-frame_999=\"o:0;st:w;sR:6100;\"\n\t\t\t\t\t\t\t\tstyle=\"z-index:7;font-family:'Poppins';\"\n\t\t\t\t\t\t\t>R\u00dcYALARINIZDAK\u0130  \n\t\t\t\t\t\t\t<\/rs-layer><!--\n\n\t\t\t\t\t\t\t--><rs-layer\n\t\t\t\t\t\t\t\tid=\"slider-3-slide-7-layer-4\" \n\t\t\t\t\t\t\t\tclass=\"text-right\"\n\t\t\t\t\t\t\t\tdata-type=\"text\"\n\t\t\t\t\t\t\t\tdata-rsp_ch=\"on\"\n\t\t\t\t\t\t\t\tdata-xy=\"x:r,r,r,l;xo:29px;yo:435px,435px,435px,258px;\"\n\t\t\t\t\t\t\t\tdata-text=\"s:16,16,16,14;l:26,26,26,22;fw:300,300,300,400;a:inherit;\"\n\t\t\t\t\t\t\t\tdata-frame_0=\"x:50px;\"\n\t\t\t\t\t\t\t\tdata-frame_1=\"e:power3.out;st:1980;sp:1500;sR:1980;\"\n\t\t\t\t\t\t\t\tdata-frame_999=\"x:50px;o:0;st:w;sR:5520;\"\n\t\t\t\t\t\t\t\tstyle=\"z-index:8;font-family:'Montserrat';\"\n\t\t\t\t\t\t\t>Yuvaya sizleri kavu\u015fturmak i\u00e7in 20 y\u0131ld\u0131r konut in\u015fa ediyoruz. <br> \n\t\t\t\t\t\t\t<\/rs-layer><!--\n\n\t\t\t\t\t\t\t--><rs-layer\n\t\t\t\t\t\t\t\tid=\"slider-3-slide-7-layer-7\" \n\t\t\t\t\t\t\t\tclass=\"tp-shape tp-shapewrapper\"\n\t\t\t\t\t\t\t\tdata-type=\"shape\"\n\t\t\t\t\t\t\t\tdata-rsp_ch=\"on\"\n\t\t\t\t\t\t\t\tdata-xy=\"xo:-1500px,-1500px,-1500px,-1499px;yo:-1509px;\"\n\t\t\t\t\t\t\t\tdata-text=\"a:inherit;\"\n\t\t\t\t\t\t\t\tdata-dim=\"w:5000px;h:5000px;\"\n\t\t\t\t\t\t\t\tdata-frame_1=\"st:360;sR:360;\"\n\t\t\t\t\t\t\t\tdata-frame_999=\"o:0;st:w;sR:8340;\"\n\t\t\t\t\t\t\t\tstyle=\"z-index:5;background-color:rgba(0,0,0,0.5);\"\n\t\t\t\t\t\t\t> \n\t\t\t\t\t\t\t<\/rs-layer><!--\n-->\t\t\t\t\t<\/rs-slide>\n\t\t\t\t\t<\/rs-slides>\n\t\t\t\t<\/rs-module>\n\t\t\t\t<script>\n\t\t\t\t\tsetREVStartSize({c: 'rev_slider_3_1',rl:[1240,1240,1240,480],el:[750,750,750,480],gw:[1240,1240,1240,480],gh:[750,750,750,480],type:'standard',justify:'',layout:'fullwidth',mh:\"0\"});if (window.RS_MODULES!==undefined && window.RS_MODULES.modules!==undefined && window.RS_MODULES.modules[\"revslider31\"]!==undefined) {window.RS_MODULES.modules[\"revslider31\"].once = false;window.revapi3 = undefined;if (window.RS_MODULES.checkMinimal!==undefined) window.RS_MODULES.checkMinimal()}\n\t\t\t\t<\/script>\n\t\t\t<\/rs-module-wrap>\n\t\t\t<!-- END REVOLUTION SLIDER -->\n<\/div>\n\n\t\t\t\t\t\t<\/div>\n\t\t\t\t<\/div>\n\t\t\t\t\t<\/div>\n\t\t<\/div>\n\t\t\t\t\t<\/div>\n\t\t<\/section>\n\t\t\t\t<section class=\"elementor-section elementor-top-section elementor-element elementor-element-15fd72a elementor-section-boxed elementor-section-height-default elementor-section-height-default\" data-id=\"15fd72a\" data-element_type=\"section\">\n\t\t\t\t\t\t<div class=\"elementor-container elementor-column-gap-default\">\n\t\t\t\t\t<div class=\"elementor-column elementor-col-100 elementor-top-column elementor-element elementor-element-e58fc89\" data-id=\"e58fc89\" data-element_type=\"column\">\n\t\t\t<div class=\"elementor-widget-wrap elementor-element-populated\">\n\t\t\t\t\t\t<div class=\"elementor-element elementor-element-531af74 elementor-widget elementor-widget-welcome-section\" data-id=\"531af74\" data-element_type=\"widget\" data-widget_type=\"welcome-section.default\">\n\t\t\t\t<div class=\"elementor-widget-container\">\n\t\t\t\t\t\t\t\t<!-- ABOUT SECTION START -->\n            <div class=\"section-full welcome-section-outer\">\n            \t<div class=\"welcome-section-top bg-white p-t80 p-b40\">\n\t\t\t\t\t<div class=\"container\">\n\t\t\t\t\t\t<div class=\"row\">\n\t\t\t\t\t\t\t<div class=\"col-lg-6 col-md-12\">\n\t\t\t\t\t\t\t\t<div class=\"img-colarge-new\">\n\t\t\t\t\t\t\t\t\t<div class=\"colarge-1-new\">\n\t\t\t\t\t\t\t\t\t\t<img decoding=\"async\" src=\"https:\/\/ozceylaninsaat.com.tr\/wp-content\/uploads\/2024\/05\/s1a.jpg\" alt=\"img\" class=\"slide-righ\">\n\t\t\t\t\t\t\t\t\t<\/div>\n\t\t\t\t\t\t\t\t<\/div>\n\t\t\t\t\t\t\t<\/div>\n\t\t\t\t\t\t\t<div class=\"col-lg-6 col-md-12\">\n\t\t\t\t\t\t\t\t<div class=\"welcom-to-section-new\">\n\t\t\t\t\t\t\t\t\t<!-- TITLE START-->\n\t\t\t\t\t\t\t\t\t\t\t\t\t\t\t\t\t\t\t<div class=\"left wt-small-separator-outer\">\n\t\t\t\t\t\t\t\t\t\t\t<div class=\"wt-small-separator site-text-primary\">\n\t\t\t\t\t\t\t\t\t\t\t\t<div  class=\"sep-leaf-left\"><\/div>\n\t\t\t\t\t\t\t\t\t\t\t\t<div>\u00d6zceylan \u0130n\u015faat<\/div>\n\t\t\t\t\t\t\t\t\t\t\t\t<div  class=\"sep-leaf-right\"><\/div>\n\t\t\t\t\t\t\t\t\t\t\t<\/div>\n\t\t\t\t\t\t\t\t\t\t<\/div>\t\n\t\t\t\t\t\t\t\t\t\t\t\t\t\t\t\t\t\t\t\n\t\t\t\t\t\t\t\t\t\t\t\t\t\t\t\t\t\t\t<h2>Sizler \u0130\u00e7in <span>Sa\u011flam ve Konforlu<\/span> Yap\u0131lar \u00dcretir<\/h2>\n\t\t\t\t\t\t\t\t\t\t\t\n\t\t\t\t\t\t\t\t\t\t\t\t\t\t\t\t\t\t\t\t\t\t\t\t\t\t\t\t\t<p class=\"\">Amac\u0131m\u0131z m\u00fc\u015fterilerimizin beklentilerine tamamiyle cevap verebilmek, firmam\u0131z\u0131n rekabet ve geli\u015fim g\u00fcc\u00fcn\u00fc artt\u0131rabilmektir. Hizmette hedefimiz \u201cDo\u011fru ve Hatas\u0131z\u201d yapmakt\u0131r. \u0130mal etmekte oldu\u011fumuz hizmetlerin zaman\u0131nda, eksiksiz ve problemsiz olarak teslimidir.<\/p>\n    <ul class=\"checklist\">\n<li><i class=\"fa fa-check-square-o\"><\/i> Kalite<\/li>\n<li><i class=\"fa fa-check-square-o\"><\/i> M\u00fckemmellik<\/li>\n<li><i class=\"fa fa-check-square-o\"><\/i> Sosyal Sorumluluk<\/li>\n<li class=\"\"><i class=\"fa fa-check-square-o\"><\/i> \u015eeffafl\u0131k<\/li>\n<\/ul>\n<ul class=\"checklist2\">\n<li class=\"\"><i class=\"fa fa-check-square-o\"><\/i> Yenilik\u00e7ilik<\/li>\n<li class=\"\"><i class=\"fa fa-check-square-o\"><\/i> Uzmanla\u015fmak<\/li>\n<li><i class=\"fa fa-check-square-o\"><\/i> \u00c7evrecilik<\/li>\n<li><i class=\"fa fa-check-square-o\"><\/i> Ba\u015far\u0131 Odakl\u0131l\u0131k<\/li>\n<\/ul>\t\t\t\t\t\t\t\t\t\t\t\t\t\t\t\t\t\t\t\n\t\t\t\t\t\t\t\t\t\t\t\t\t\t\t\t\t\t\t<div class=\"welcom-to-section-bottom d-flex justify-content-between\">\n\t\t\t\t\t\t\t\t\t\t\t<div class=\"welcom-btn-position\">\n\t\t\t\t\t\t\t\t\t\t\t\t<a  href=\"https:\/\/gridvalley.net\/wp\/industroz\/about-us-1\/\" class=\"site-button site-btn-effect\">Firma Detaylar\u0131<\/a>\n\t\t\t\t\t\t\t\t\t\t\t<\/div>\n\t\t\t\t\t\t\t\t\t\t<\/div> \t\n\t\t\t\t\t\t\t\t\t\t\t\t\t\t\t\t\t\t\t  \n\t\t\t\t\t\t\t\t<\/div>\n\t\t\t\t\t\t\t<\/div>\n\n\t\t\t\t\t\t<\/div>\n\t\t\t\t\t<\/div>\n                <\/div>\n            <\/div>\n\t\t\t\t\t\t\t<\/div>\n\t\t\t\t<\/div>\n\t\t\t\t\t<\/div>\n\t\t<\/div>\n\t\t\t\t\t<\/div>\n\t\t<\/section>\n\t\t\t\t<section class=\"elementor-section elementor-top-section elementor-element elementor-element-ec9b6e1 elementor-section-boxed elementor-section-height-default elementor-section-height-default\" data-id=\"ec9b6e1\" data-element_type=\"section\" data-settings=\"{&quot;background_background&quot;:&quot;classic&quot;}\">\n\t\t\t\t\t\t\t<div class=\"elementor-background-overlay\"><\/div>\n\t\t\t\t\t\t\t<div class=\"elementor-container elementor-column-gap-default\">\n\t\t\t\t\t<div class=\"elementor-column elementor-col-100 elementor-top-column elementor-element elementor-element-7524934\" data-id=\"7524934\" data-element_type=\"column\">\n\t\t\t<div class=\"elementor-widget-wrap elementor-element-populated\">\n\t\t\t\t\t\t<div class=\"elementor-element elementor-element-a9b2266 elementor-widget elementor-widget-services-section\" data-id=\"a9b2266\" data-element_type=\"widget\" data-widget_type=\"services-section.default\">\n\t\t\t\t<div class=\"elementor-widget-container\">\n\t\t\t\t\t\t\t\t<!-- SERVICE SECTION START -->\n\t\t\t<div class=\"section-full p-t80 p-b80\">\n\t\t\t\t<div class=\"container\">\n\t\t\t\t\t<!-- TITLE START-->\n\t\t\t\t\t\t\t\t\t\t\t<div class=\"m-b30 center wt-small-separator-outer text-center\">\n\t\t\t\t\t\t\t<div class=\"wt-small-separator site-text-primary\">\n\t\t\t\t\t\t\t\t<div  class=\"sep-leaf-left\"><\/div>\n\t\t\t\t\t\t\t\t<div>\u0130n\u015faat Sekt\u00f6r\u00fcnde G\u00fcven<\/div>\n\t\t\t\t\t\t\t\t<div  class=\"sep-leaf-right\"><\/div>\n\t\t\t\t\t\t\t<\/div>\n\t\t\t\t\t\t\t<h2>\u015eu Ana Kadar B\u00fct\u00fcn Projelerimizde  %100 M\u00fc\u015fteri Memnuniyeti<\/h2>\n\t\t\t\t\t\t<\/div>\n\t\t\t\t\t\t\t\t\t\t\t<!-- TITLE END-->\n\t\t\t\t\t<div class=\"section-content\">\n\t\t\t\t\t\t<div class=\"services-style-new owl-btn-vertical-center row justify-content-center\">\n\t\t\t\t\t\t\t<!-- COLUMNS 1 --> \n\t\t\t\t\t\t\t\t\t\t\t\t\t<\/div>\n\t\t\t\t\t<\/div>\n\t\t\t\t<\/div>\n\t\t\t<\/div>\n\t\t\t\t\t\t\t<\/div>\n\t\t\t\t<\/div>\n\t\t\t\t\t<\/div>\n\t\t<\/div>\n\t\t\t\t\t<\/div>\n\t\t<\/section>\n\t\t\t\t<section class=\"elementor-section elementor-top-section elementor-element elementor-element-a5e65b1 elementor-section-boxed elementor-section-height-default elementor-section-height-default\" data-id=\"a5e65b1\" data-element_type=\"section\" data-settings=\"{&quot;background_background&quot;:&quot;classic&quot;}\">\n\t\t\t\t\t\t<div class=\"elementor-container elementor-column-gap-default\">\n\t\t\t\t\t<div class=\"elementor-column elementor-col-100 elementor-top-column elementor-element elementor-element-44e0a99\" data-id=\"44e0a99\" data-element_type=\"column\">\n\t\t\t<div class=\"elementor-widget-wrap elementor-element-populated\">\n\t\t\t\t\t\t<div class=\"elementor-element elementor-element-b4140aa elementor-widget elementor-widget-what-we-do\" data-id=\"b4140aa\" data-element_type=\"widget\" data-widget_type=\"what-we-do.default\">\n\t\t\t\t<div class=\"elementor-widget-container\">\n\t\t\t\t\t\t\t\t<!-- WHAT WE DO SECTION START -->\n            <div class=\"section-full p-t80 p-b40 bg-white what-we-do-section2-new\">\n\t\t\t\t<div class=\"container\">   \n\t\t\t\t<div class=\"section-content what-we-do-content-new\">\n\t\t\t\t\t<div class=\"row d-flex justify-content-center flex-wrap\">\n\t\t\t\t\t\t<div class=\"col-lg-6 col-md-12 m-b30\">\n\t\t\t\t\t\t\t<div class=\"whatWedo-media-section-new\">\n\t\t\t\t\t\t\t\t<div class=\"wt-media\">\n\t\t\t\t\t\t\t\t\t<img decoding=\"async\" src=\"https:\/\/ozceylaninsaat.com.tr\/wp-content\/uploads\/2024\/05\/pic1a.jpg\" alt=\"img\">\n\t\t\t\t\t\t\t\t<\/div>\n\t\t\t\t\t\t\t\t<div class=\"whatWedo-media-content-new text-white\">\n\t\t\t\t\t\t\t\t\t<div class=\"whatWedo-media-inner-new site-bg-primary\">\n\t\t\t\t\t\t\t\t\t\t<h3>Peyzaj D\u00fczenlemesi<\/h3>\n\t\t\t\t\t\t\t\t\t\t<p>\u0130nsan hayat\u0131nda ye\u015filin ve d\u00fczenlemelerin \u00f6nemini biliyor ve peyzaj \u00e7al\u0131\u015fmalar\u0131n\u0131 \u00f6nemsiyoruz.<\/p>\n\t\t\t\t\t\t\t\t\t<\/div>\n\t\t\t\t\t\t\t\t<\/div>\n\t\t\t\t\t\t\t<\/div>\n\t\t\t\t\t\t<\/div>\n\t\t\t\t\t\t<div class=\"col-lg-6 col-md-12 m-b40\">\n\t\t\t\t\t\t\t<div class=\"whatWedo-info-section-new\">\n\t\t\t\t\t\t\t\t<!-- TITLE START-->\n\t\t\t\t\t\t\t\t<div class=\"left wt-small-separator-outer\">\n\t\t\t\t\t\t\t\t\t<div class=\"wt-small-separator site-text-primary\">\n\t\t\t\t\t\t\t\t\t\t<div  class=\"sep-leaf-left\"><\/div>\n\t\t\t\t\t\t\t\t\t\t<div>Biz Sekt\u00f6rde<\/div>\n\t\t\t\t\t\t\t\t\t\t<div  class=\"sep-leaf-right\"><\/div>\n\t\t\t\t\t\t\t\t\t<\/div>\n\t\t\t\t\t\t\t\t\t<h2>Neler Yap\u0131yoruz?<\/h2>\n\t\t\t\t\t\t\t\t\t<p>Y\u00fcksek standartl\u0131,kaliteli hizmet,kaliteli malzeme kullanarak m\u00fc\u015fteri memnuniyetini en \u00fcst d\u00fczeye \u00e7\u0131karmak, M\u00fc\u015fterilerimizin zaman\u0131na ve haklar\u0131na sayg\u0131 duymak,\u0130nsanl\u0131\u011fa , \u00e7evreye ve evrensel de\u011ferlere olan sorumluluklar\u0131m\u0131z\u0131 yerine getirmektir.Taahh\u00fctlerimizi proje ve tekni\u011fe uygun olarak in\u015faa etmektir<\/p>\n\t\t\t\t\t\t\t\t\t\n\t\t\t\t\t\t\t\t<\/div>\n\t\t\t\t\t\t\t\t<!-- TITLE END-->\n\t\t\t\t\t\t\t\t<div class=\"wt-icon-card-outer-new\">\n\t\t\t\t\t\t\t\t\t\t\t\t\t\t\t\t\t\t\t<div class=\"wt-icon-card-new bg-gray-light\">\n\t\t\t\t\t\t\t\t\t\t\t<div class=\"wt-card-header-new\">\n\t\t\t\t\t\t\t\t\t\t\t\t<i class=\"flaticon-robotic-arm site-text-primary\"><\/i>\n\t\t\t\t\t\t\t\t\t\t\t\t<span class=\"title-style-2 site-text-secondry\">M\u00fc\u015fteri Odakl\u0131<\/span>\n\t\t\t\t\t\t\t\t\t\t\t<\/div>\n\t\t\t\t\t\t\t\t\t\t\t<div class=\"wt-card-content-new\">\n\t\t\t\t\t\t\t\t\t\t\t\t<p>M\u00fc\u015fteri memnuniyeti odakl\u0131 kalite bilincini yerle\u015ftirmek ve buna uygun hizmet sunmak.<\/p>\n\t\t\t\t\t\t\t\t\t\t\t<\/div>\n\t\t\t\t\t\t\t\t\t\t<\/div>\n\t\t\t\t\t\t\t\t\t\t\t\t\t\t\t\t\t\t\t\t<div class=\"wt-icon-card-new bg-gray-light\">\n\t\t\t\t\t\t\t\t\t\t\t<div class=\"wt-card-header-new\">\n\t\t\t\t\t\t\t\t\t\t\t\t<i class=\"flaticon-repair site-text-primary\"><\/i>\n\t\t\t\t\t\t\t\t\t\t\t\t<span class=\"title-style-2 site-text-secondry\">\u00c7evre Bilinci<\/span>\n\t\t\t\t\t\t\t\t\t\t\t<\/div>\n\t\t\t\t\t\t\t\t\t\t\t<div class=\"wt-card-content-new\">\n\t\t\t\t\t\t\t\t\t\t\t\t<p>\u00c7evreye kanunlara ve yasalara uyumlu olmak.Projelerimizde \u00e7evre daima \u00f6nceli\u011fizdir.<\/p>\n\t\t\t\t\t\t\t\t\t\t\t<\/div>\n\t\t\t\t\t\t\t\t\t\t<\/div>\n\t\t\t\t\t\t\t\t\t\t\t\t\t\t\t\t\t\t<\/div>\n\t\t\t\t\t\t\t<\/div>                        \n\t\t\t\t\t\t<\/div> \n\t\t\t\t\t<\/div>\n\t\t\t\t<\/div> \n\t\t\t\t<\/div> \n            <\/div> \n\t\t\t\t\t\t\t<\/div>\n\t\t\t\t<\/div>\n\t\t\t\t\t<\/div>\n\t\t<\/div>\n\t\t\t\t\t<\/div>\n\t\t<\/section>\n\t\t\t\t<\/div>\n\t\t","protected":false},"excerpt":{"rendered":"<p>\u00d6zceylan \u0130n\u015faat Sizler \u0130\u00e7in Sa\u011flam ve Konforlu Yap\u0131lar \u00dcretir Amac\u0131m\u0131z m\u00fc\u015fterilerimizin beklentilerine tamamiyle cevap verebilmek, firmam\u0131z\u0131n rekabet ve geli\u015fim g\u00fcc\u00fcn\u00fc artt\u0131rabilmektir. Hizmette hedefimiz \u201cDo\u011fru ve Hatas\u0131z\u201d yapmakt\u0131r. \u0130mal etmekte oldu\u011fumuz hizmetlerin zaman\u0131nda, eksiksiz ve problemsiz olarak teslimidir. Kalite M\u00fckemmellik Sosyal Sorumluluk \u015eeffafl\u0131k Yenilik\u00e7ilik Uzmanla\u015fmak \u00c7evrecilik Ba\u015far\u0131 Odakl\u0131l\u0131k Firma Detaylar\u0131 \u0130n\u015faat Sekt\u00f6r\u00fcnde G\u00fcven \u015eu Ana Kadar [&hellip;]<\/p>\n","protected":false},"author":1,"featured_media":0,"parent":0,"menu_order":0,"comment_status":"closed","ping_status":"closed","template":"","meta":{"_acf_changed":false,"footnotes":""},"acf":[],"_links":{"self":[{"href":"https:\/\/ozceylaninsaat.com.tr\/index.php\/wp-json\/wp\/v2\/pages\/705"}],"collection":[{"href":"https:\/\/ozceylaninsaat.com.tr\/index.php\/wp-json\/wp\/v2\/pages"}],"about":[{"href":"https:\/\/ozceylaninsaat.com.tr\/index.php\/wp-json\/wp\/v2\/types\/page"}],"author":[{"embeddable":true,"href":"https:\/\/ozceylaninsaat.com.tr\/index.php\/wp-json\/wp\/v2\/users\/1"}],"replies":[{"embeddable":true,"href":"https:\/\/ozceylaninsaat.com.tr\/index.php\/wp-json\/wp\/v2\/comments?post=705"}],"version-history":[{"count":49,"href":"https:\/\/ozceylaninsaat.com.tr\/index.php\/wp-json\/wp\/v2\/pages\/705\/revisions"}],"predecessor-version":[{"id":1423,"href":"https:\/\/ozceylaninsaat.com.tr\/index.php\/wp-json\/wp\/v2\/pages\/705\/revisions\/1423"}],"wp:attachment":[{"href":"https:\/\/ozceylaninsaat.com.tr\/index.php\/wp-json\/wp\/v2\/media?parent=705"}],"curies":[{"name":"wp","href":"https:\/\/api.w.org\/{rel}","templated":true}]}}